{"id":20,"date":"2015-03-14T20:23:23","date_gmt":"2015-03-14T19:23:23","guid":{"rendered":"http:\/\/michael-schnotz.de\/?page_id=20"},"modified":"2015-03-16T15:07:02","modified_gmt":"2015-03-16T14:07:02","slug":"hairconnect-gmbh-by-peter-beier-aufgaben","status":"publish","type":"page","link":"http:\/\/michael-schnotz.de\/?page_id=20","title":{"rendered":"Friseur bei Firma Hairconnect GmbH by Peter Beier"},"content":{"rendered":"<p>Bei der Firma Hairconnect GmbH by Peter Beier,<\/p>\n<p><em>geh\u00f6ren zu meinen St\u00e4rken und T\u00e4tigkeiten als Friseur:<\/em><\/p>\n<ul>\n<li>Damenhaarschnitte (ben\u00f6tigte Zeit 60 Minuten)<\/li>\n<li>Herrenhaarschnitte\u00a0 (ben\u00f6tigte Zeit 30 Minuten)<\/li>\n<li>Str\u00e4hnentechniken, wie Diagonale B\u00e4nder und Arbeiten mit der Kontrasthaarfarbe Magma<\/li>\n<li>Haarfarben, vorallem im Bereich der 3D Farbe Illumina<\/li>\n<li>F\u00f6hnen von Lockenfrisuren, auch bei schwer umformbaren Haaren<\/li>\n<\/ul>\n<p>&nbsp;<\/p>\n<p><em>sind meine Aufgaben neben dem Friseurberuf:<\/em><\/p>\n<ul>\n<li>Betreuung der Kassen- und Computersysteme in allen 3 Filialen<\/li>\n<li>Administration der Firmenwebsite (www.hairconnect.de)<\/li>\n<li>Wareneinkauf und Verhandlungen bei der Firma Wella, Sebastian und Redken 5th Ave<\/li>\n<li>Einrichtung und Administration des Onlineterminbuch in allen 3 Filialen (www.terminbuchen.com)<\/li>\n<li>\u00dcbernehmen von Organisatorischen Aufgaben<\/li>\n<li>Entwurf von Aktionen, Flyern, Schaufensterbeklebungen und Preislisten (Marketing)<\/li>\n<li>Erstellung eines Betriebshandbuchs sowie erstellen eines Auzubi-Betriebshandbuchs<\/li>\n<li>Planung der Dienst- und Urlaubspl\u00e4ne<\/li>\n<li>Wareneinkauf bei Metro (Gro\u00dfhandel) und Belieferrung der Filialen durch eigenen PKW<\/li>\n<li>Durchf\u00fchren der Inventur in der Filiale Hackerbr\u00fccke<\/li>\n<\/ul>\n<p>&nbsp;<\/p>\n<p>Weiterbildung:<\/p>\n<ul>\n<li>Gesch\u00e4ftsf\u00fchrerseminar (Unternehmerenergie von Wella)<\/li>\n<li>Was hei\u00dft Chef sein? (Deutsche Friseurakademie)<\/li>\n<li>Successful Selling (Sebastian Proffesional)<\/li>\n<li>Wer bin ich? Und wie Ticken meine Kunden? (Stephanie Palm)<\/li>\n<li>Prduktwissen von A bis Z (Wella)<\/li>\n<li>Trend &amp; Technics (Paul Mitchell)<\/li>\n<li>Color Special (Wella)<\/li>\n<li>Cut Elements (Wella)<\/li>\n<li>Men Trend Cut (Toni&amp;Guy)<\/li>\n<\/ul>\n","protected":false},"excerpt":{"rendered":"<p>Bei der Firma Hairconnect GmbH by Peter Beier, geh\u00f6ren zu meinen St\u00e4rken und T\u00e4tigkeiten als Friseur: Damenhaarschnitte (ben\u00f6tigte Zeit 60 Minuten) Herrenhaarschnitte\u00a0 (ben\u00f6tigte Zeit 30 Minuten) Str\u00e4hnentechniken, wie Diagonale B\u00e4nder und Arbeiten mit der Kontrasthaarfarbe Magma Haarfarben, vorallem im Bereich der 3D Farbe Illumina F\u00f6hnen von Lockenfrisuren, auch bei schwer umformbaren Haaren &nbsp; sind meine &hellip; <\/p>\n<p class=\"link-more\"><a href=\"http:\/\/michael-schnotz.de\/?page_id=20\" class=\"more-link\"><span class=\"screen-reader-text\">\u201eFriseur bei Firma Hairconnect GmbH by Peter Beier\u201c<\/span> weiterlesen<\/a><\/p>\n","protected":false},"author":1,"featured_media":0,"parent":0,"menu_order":2,"comment_status":"closed","ping_status":"closed","template":"","meta":[],"jetpack_sharing_enabled":true,"_links":{"self":[{"href":"http:\/\/michael-schnotz.de\/index.php?rest_route=\/wp\/v2\/pages\/20"}],"collection":[{"href":"http:\/\/michael-schnotz.de\/index.php?rest_route=\/wp\/v2\/pages"}],"about":[{"href":"http:\/\/michael-schnotz.de\/index.php?rest_route=\/wp\/v2\/types\/page"}],"author":[{"embeddable":true,"href":"http:\/\/michael-schnotz.de\/index.php?rest_route=\/wp\/v2\/users\/1"}],"replies":[{"embeddable":true,"href":"http:\/\/michael-schnotz.de\/index.php?rest_route=%2Fwp%2Fv2%2Fcomments&post=20"}],"version-history":[{"count":17,"href":"http:\/\/michael-schnotz.de\/index.php?rest_route=\/wp\/v2\/pages\/20\/revisions"}],"predecessor-version":[{"id":47,"href":"http:\/\/michael-schnotz.de\/index.php?rest_route=\/wp\/v2\/pages\/20\/revisions\/47"}],"wp:attachment":[{"href":"http:\/\/michael-schnotz.de\/index.php?rest_route=%2Fwp%2Fv2%2Fmedia&parent=20"}],"curies":[{"name":"wp","href":"https:\/\/api.w.org\/{rel}","templated":true}]}}