{"id":2,"date":"2015-03-14T17:12:25","date_gmt":"2015-03-14T16:12:25","guid":{"rendered":"http:\/\/michael-schnotz.de\/?page_id=2"},"modified":"2015-03-14T20:59:33","modified_gmt":"2015-03-14T19:59:33","slug":"beispiel-seite","status":"publish","type":"page","link":"http:\/\/michael-schnotz.de\/","title":{"rendered":"Lebenslauf"},"content":{"rendered":"<ul>\n<li><a title=\"Aufgaben als Friseur \u2013 Hairconnect GmbH by Peter Beier\" href=\"http:\/\/michael-schnotz.de\/?page_id=20\">Berufserfahrung:<\/a><br \/>\n<a title=\"Aufgaben als Friseur \u2013 Hairconnect GmbH by Peter Beier\" href=\"http:\/\/michael-schnotz.de\/?page_id=20\"> Seit August 2009, Angestellter bei der Firma Hairconnect GmbH by Peter Beier, Hackerbr\u00fccke 4, 80335 M\u00fcnchen als Friseur<\/a><\/li>\n<\/ul>\n<p>&nbsp;<\/p>\n<ul>\n<li>Berufsausbildung:<br \/>\nJanuar 2007, Berufsausbildung zum Frisuer bei der Firma Hairconnect GmbH by Peter Beier, Dachauerstra\u00dfe 282, 80992 M\u00fcnchen<br \/>\nErfolgreicher Abschluss im August 2009 zum Friseurgesellen<br \/>\nBerufsschulabschluss zum Mittlerem Bildungsweg (Mittlere Reife)<\/li>\n<\/ul>\n<p>&nbsp;<\/p>\n<ul>\n<li>Schulabschluss:<br \/>\nJuli 2003, Hauptschule am Echardinger Gr\u00fcnstreifen M\u00fcnchen, Innsbrucker Ring 75, 81679 M\u00fcnchen (Heute: Mittelschule am Echardinger Gr\u00fcnstreifen)<br \/>\nQualifizierender Hauptschulabschluss<\/li>\n<\/ul>\n","protected":false},"excerpt":{"rendered":"<p>Berufserfahrung: Seit August 2009, Angestellter bei der Firma Hairconnect GmbH by Peter Beier, Hackerbr\u00fccke 4, 80335 M\u00fcnchen als Friseur &nbsp; Berufsausbildung: Januar 2007, Berufsausbildung zum Frisuer bei der Firma Hairconnect GmbH by Peter Beier, Dachauerstra\u00dfe 282, 80992 M\u00fcnchen Erfolgreicher Abschluss im August 2009 zum Friseurgesellen Berufsschulabschluss zum Mittlerem Bildungsweg (Mittlere Reife) &nbsp; Schulabschluss: Juli 2003, &hellip; <\/p>\n<p class=\"link-more\"><a href=\"http:\/\/michael-schnotz.de\/\" class=\"more-link\"><span class=\"screen-reader-text\">\u201eLebenslauf\u201c<\/span> weiterlesen<\/a><\/p>\n","protected":false},"author":1,"featured_media":0,"parent":0,"menu_order":0,"comment_status":"closed","ping_status":"closed","template":"","meta":[],"jetpack_sharing_enabled":true,"_links":{"self":[{"href":"http:\/\/michael-schnotz.de\/index.php?rest_route=\/wp\/v2\/pages\/2"}],"collection":[{"href":"http:\/\/michael-schnotz.de\/index.php?rest_route=\/wp\/v2\/pages"}],"about":[{"href":"http:\/\/michael-schnotz.de\/index.php?rest_route=\/wp\/v2\/types\/page"}],"author":[{"embeddable":true,"href":"http:\/\/michael-schnotz.de\/index.php?rest_route=\/wp\/v2\/users\/1"}],"replies":[{"embeddable":true,"href":"http:\/\/michael-schnotz.de\/index.php?rest_route=%2Fwp%2Fv2%2Fcomments&post=2"}],"version-history":[{"count":11,"href":"http:\/\/michael-schnotz.de\/index.php?rest_route=\/wp\/v2\/pages\/2\/revisions"}],"predecessor-version":[{"id":37,"href":"http:\/\/michael-schnotz.de\/index.php?rest_route=\/wp\/v2\/pages\/2\/revisions\/37"}],"wp:attachment":[{"href":"http:\/\/michael-schnotz.de\/index.php?rest_route=%2Fwp%2Fv2%2Fmedia&parent=2"}],"curies":[{"name":"wp","href":"https:\/\/api.w.org\/{rel}","templated":true}]}}